{"id":1443,"date":"2024-11-25T14:20:32","date_gmt":"2024-11-25T20:20:32","guid":{"rendered":"https:\/\/adrian-aroko.net\/?page_id=1443"},"modified":"2025-06-18T22:51:17","modified_gmt":"2025-06-19T04:51:17","slug":"cuando-el-polvo-haya-caido-el-silencio-reinara","status":"publish","type":"page","link":"https:\/\/adrian-aroko.net\/?page_id=1443","title":{"rendered":"Cuando el polvo haya ca\u00eddo, el silencio reinar\u00e1"},"content":{"rendered":"\n<p><\/p>\n\n\n\n<figure class=\"wp-block-gallery has-nested-images columns-default wp-block-gallery-1 is-layout-flex wp-block-gallery-is-layout-flex\">\n<figure class=\"wp-block-image size-full\"><img loading=\"lazy\" decoding=\"async\" width=\"1800\" height=\"1200\" data-id=\"1433\" src=\"https:\/\/adrian-aroko.net\/wp-content\/uploads\/2024\/11\/When_mq-1.jpg\" alt=\"\" class=\"wp-image-1433\" srcset=\"https:\/\/adrian-aroko.net\/wp-content\/uploads\/2024\/11\/When_mq-1.jpg 1800w, https:\/\/adrian-aroko.net\/wp-content\/uploads\/2024\/11\/When_mq-1-300x200.jpg 300w, https:\/\/adrian-aroko.net\/wp-content\/uploads\/2024\/11\/When_mq-1-1024x683.jpg 1024w, https:\/\/adrian-aroko.net\/wp-content\/uploads\/2024\/11\/When_mq-1-768x512.jpg 768w, https:\/\/adrian-aroko.net\/wp-content\/uploads\/2024\/11\/When_mq-1-1536x1024.jpg 1536w, https:\/\/adrian-aroko.net\/wp-content\/uploads\/2024\/11\/When_mq-1-500x333.jpg 500w, https:\/\/adrian-aroko.net\/wp-content\/uploads\/2024\/11\/When_mq-1-800x533.jpg 800w, https:\/\/adrian-aroko.net\/wp-content\/uploads\/2024\/11\/When_mq-1-1280x853.jpg 1280w\" sizes=\"(max-width: 1800px) 100vw, 1800px\" \/><\/figure>\n<\/figure>\n\n\n\n<p><br><strong>Cuando el polvo haya ca\u00eddo, el silencio reinar\u00e1<\/strong>, 2024<br>Instalaci\u00f3n, medidas variables.<\/p>\n\n\n\n<p>Esta instalaci\u00f3n toma como referencia el polvo para reflejar el proceso continuo de construcci\u00f3n y transformaci\u00f3n de la justicia, as\u00ed como la interdependencia de las acciones colectivas que permiten que esta se forme, se mantenga y se regenere constantemente. El sonido de la obra proviene de grabaciones realizadas en el desierto de Wadi Rum, donde se capturaron las frecuencias bajas de la arena y las rocas, junto con un poema recitado en cinco idiomas: kinyarwanda, \u00e1rabe, mandar\u00edn, ingl\u00e9s y espa\u00f1ol. Esta diversidad ling\u00fc\u00edstica subraya la pluralidad cultural, el contexto geopol\u00edtico en el que se desarrolla la idea de justicia y su ambivalencia. La mezcla de estos sonidos crea un ritual sonoro que acompa\u00f1a una pieza f\u00edsica formada por cinco seres sentados en c\u00edrculo. Hechos con la misma arena del desierto, estos seres se inspiran en la textura de las monta\u00f1as, sus cavidades, la reverberaci\u00f3n del paisaje y el ciclo geol\u00f3gico que permite tanto su litificaci\u00f3n como su desintegraci\u00f3n.<\/p>\n\n\n\n<p><br>In collaboration with:<br>Mariam Al-Hussona, Iraq\/UK<br>Yvan King Mukunzi (Mvfasta), Rwanda<br>Hana Alkhatib, Palestine<br>Jin Xiao Zhou, China\/The Netherlands<br>Sadiq Al-Harasi, Yemen<br>Noel Maghathe, Palestine\/USA<br>Ver\u00f3nica Navas Gonz\u00e1les, Costa Rica<\/p>\n\n\n\n<p>___<\/p>\n\n\n\n<p><br><strong>When the dust has fallen, silence will rule<\/strong>, 2024<br>Installation, variable measures.<\/p>\n\n\n\n<p>This installation uses dust as a reference to reflect the continuous process of construction and transformation of justice, as well as the interdependence of collective actions that allow it to be formed, maintained, and constantly regenerated. The sound of the work comes from recordings made in the Wadi Rum desert, where the low frequencies of the sand and rocks were captured, along with a poem recited in five languages: Kinyarwanda, Arabic, Mandarin, English, and Spanish. This linguistic diversity highlights the cultural plurality, the geopolitical context in which the idea of justice develops, and its ambivalence. The blend of these sounds creates a sonic ritual that accompanies a physical piece formed by five beings seated in a circle. Made from the same sand of the desert, these beings are inspired by the texture of the mountains, their cavities, the reverberation of the landscape, and the geological cycle that allows both their lithification and disintegration.<\/p>\n\n\n\n<p>Work created during the Remal Lab residency organized by Studio 8, with the support of the Prince Claus Fund, MMAG Foundation and the Drosos Foundation, in collaboration with Nave.<br><\/p>\n\n\n\n<figure class=\"wp-block-gallery has-nested-images columns-default is-cropped wp-block-gallery-2 is-layout-flex wp-block-gallery-is-layout-flex\">\n<figure class=\"wp-block-image size-large\"><img loading=\"lazy\" decoding=\"async\" width=\"1024\" height=\"552\" data-id=\"1554\" src=\"https:\/\/adrian-aroko.net\/wp-content\/uploads\/2025\/06\/cuando-el-polvo-haya-caido-1024x552.png\" alt=\"\" class=\"wp-image-1554\" srcset=\"https:\/\/adrian-aroko.net\/wp-content\/uploads\/2025\/06\/cuando-el-polvo-haya-caido-1024x552.png 1024w, https:\/\/adrian-aroko.net\/wp-content\/uploads\/2025\/06\/cuando-el-polvo-haya-caido-300x162.png 300w, https:\/\/adrian-aroko.net\/wp-content\/uploads\/2025\/06\/cuando-el-polvo-haya-caido-768x414.png 768w, https:\/\/adrian-aroko.net\/wp-content\/uploads\/2025\/06\/cuando-el-polvo-haya-caido-1536x828.png 1536w, https:\/\/adrian-aroko.net\/wp-content\/uploads\/2025\/06\/cuando-el-polvo-haya-caido-2048x1104.png 2048w, https:\/\/adrian-aroko.net\/wp-content\/uploads\/2025\/06\/cuando-el-polvo-haya-caido-500x269.png 500w, https:\/\/adrian-aroko.net\/wp-content\/uploads\/2025\/06\/cuando-el-polvo-haya-caido-800x431.png 800w, https:\/\/adrian-aroko.net\/wp-content\/uploads\/2025\/06\/cuando-el-polvo-haya-caido-1280x690.png 1280w, https:\/\/adrian-aroko.net\/wp-content\/uploads\/2025\/06\/cuando-el-polvo-haya-caido-1920x1035.png 1920w\" sizes=\"(max-width: 1024px) 100vw, 1024px\" \/><\/figure>\n<\/figure>\n\n\n\n<figure class=\"wp-block-gallery has-nested-images columns-default is-cropped wp-block-gallery-3 is-layout-flex wp-block-gallery-is-layout-flex\">\n<figure class=\"wp-block-image size-large\"><a href=\"https:\/\/adrian-aroko.net\/wp-content\/uploads\/2024\/11\/When_mq-3.jpg\"><img loading=\"lazy\" decoding=\"async\" width=\"1024\" height=\"768\" data-id=\"1435\" src=\"https:\/\/adrian-aroko.net\/wp-content\/uploads\/2024\/11\/When_mq-3-1024x768.jpg\" alt=\"\" class=\"wp-image-1435\" srcset=\"https:\/\/adrian-aroko.net\/wp-content\/uploads\/2024\/11\/When_mq-3-1024x768.jpg 1024w, https:\/\/adrian-aroko.net\/wp-content\/uploads\/2024\/11\/When_mq-3-300x225.jpg 300w, https:\/\/adrian-aroko.net\/wp-content\/uploads\/2024\/11\/When_mq-3-768x576.jpg 768w, https:\/\/adrian-aroko.net\/wp-content\/uploads\/2024\/11\/When_mq-3-1536x1152.jpg 1536w, https:\/\/adrian-aroko.net\/wp-content\/uploads\/2024\/11\/When_mq-3-500x375.jpg 500w, https:\/\/adrian-aroko.net\/wp-content\/uploads\/2024\/11\/When_mq-3-800x600.jpg 800w, https:\/\/adrian-aroko.net\/wp-content\/uploads\/2024\/11\/When_mq-3-1280x960.jpg 1280w, https:\/\/adrian-aroko.net\/wp-content\/uploads\/2024\/11\/When_mq-3.jpg 1800w\" sizes=\"(max-width: 1024px) 100vw, 1024px\" \/><\/a><\/figure>\n\n\n\n<figure class=\"wp-block-image size-large\"><a href=\"https:\/\/adrian-aroko.net\/wp-content\/uploads\/2024\/11\/When_mq-5.jpg\"><img loading=\"lazy\" decoding=\"async\" width=\"1024\" height=\"768\" data-id=\"1437\" src=\"https:\/\/adrian-aroko.net\/wp-content\/uploads\/2024\/11\/When_mq-5-1024x768.jpg\" alt=\"\" class=\"wp-image-1437\" srcset=\"https:\/\/adrian-aroko.net\/wp-content\/uploads\/2024\/11\/When_mq-5-1024x768.jpg 1024w, https:\/\/adrian-aroko.net\/wp-content\/uploads\/2024\/11\/When_mq-5-300x225.jpg 300w, https:\/\/adrian-aroko.net\/wp-content\/uploads\/2024\/11\/When_mq-5-768x576.jpg 768w, https:\/\/adrian-aroko.net\/wp-content\/uploads\/2024\/11\/When_mq-5-1536x1152.jpg 1536w, https:\/\/adrian-aroko.net\/wp-content\/uploads\/2024\/11\/When_mq-5-500x375.jpg 500w, https:\/\/adrian-aroko.net\/wp-content\/uploads\/2024\/11\/When_mq-5-800x600.jpg 800w, https:\/\/adrian-aroko.net\/wp-content\/uploads\/2024\/11\/When_mq-5-1280x960.jpg 1280w, https:\/\/adrian-aroko.net\/wp-content\/uploads\/2024\/11\/When_mq-5.jpg 1800w\" sizes=\"(max-width: 1024px) 100vw, 1024px\" \/><\/a><\/figure>\n\n\n\n<figure class=\"wp-block-image size-large\"><a href=\"https:\/\/adrian-aroko.net\/wp-content\/uploads\/2024\/11\/When_mq-8.jpg\"><img loading=\"lazy\" decoding=\"async\" width=\"1024\" height=\"768\" data-id=\"1440\" src=\"https:\/\/adrian-aroko.net\/wp-content\/uploads\/2024\/11\/When_mq-8-1024x768.jpg\" alt=\"\" class=\"wp-image-1440\" srcset=\"https:\/\/adrian-aroko.net\/wp-content\/uploads\/2024\/11\/When_mq-8-1024x768.jpg 1024w, https:\/\/adrian-aroko.net\/wp-content\/uploads\/2024\/11\/When_mq-8-300x225.jpg 300w, https:\/\/adrian-aroko.net\/wp-content\/uploads\/2024\/11\/When_mq-8-768x576.jpg 768w, https:\/\/adrian-aroko.net\/wp-content\/uploads\/2024\/11\/When_mq-8-1536x1152.jpg 1536w, https:\/\/adrian-aroko.net\/wp-content\/uploads\/2024\/11\/When_mq-8-500x375.jpg 500w, https:\/\/adrian-aroko.net\/wp-content\/uploads\/2024\/11\/When_mq-8-800x600.jpg 800w, https:\/\/adrian-aroko.net\/wp-content\/uploads\/2024\/11\/When_mq-8-1280x960.jpg 1280w, https:\/\/adrian-aroko.net\/wp-content\/uploads\/2024\/11\/When_mq-8.jpg 1800w\" sizes=\"(max-width: 1024px) 100vw, 1024px\" \/><\/a><\/figure>\n\n\n\n<figure class=\"wp-block-image size-large\"><a href=\"https:\/\/adrian-aroko.net\/wp-content\/uploads\/2024\/11\/When_mq-9.jpg\"><img loading=\"lazy\" decoding=\"async\" width=\"1024\" height=\"768\" data-id=\"1441\" src=\"https:\/\/adrian-aroko.net\/wp-content\/uploads\/2024\/11\/When_mq-9-1024x768.jpg\" alt=\"\" class=\"wp-image-1441\" srcset=\"https:\/\/adrian-aroko.net\/wp-content\/uploads\/2024\/11\/When_mq-9-1024x768.jpg 1024w, https:\/\/adrian-aroko.net\/wp-content\/uploads\/2024\/11\/When_mq-9-300x225.jpg 300w, https:\/\/adrian-aroko.net\/wp-content\/uploads\/2024\/11\/When_mq-9-768x576.jpg 768w, https:\/\/adrian-aroko.net\/wp-content\/uploads\/2024\/11\/When_mq-9-500x375.jpg 500w, https:\/\/adrian-aroko.net\/wp-content\/uploads\/2024\/11\/When_mq-9-800x600.jpg 800w, https:\/\/adrian-aroko.net\/wp-content\/uploads\/2024\/11\/When_mq-9-1280x960.jpg 1280w, https:\/\/adrian-aroko.net\/wp-content\/uploads\/2024\/11\/When_mq-9.jpg 1500w\" sizes=\"(max-width: 1024px) 100vw, 1024px\" \/><\/a><\/figure>\n\n\n\n<figure class=\"wp-block-image size-large\"><a href=\"https:\/\/adrian-aroko.net\/wp-content\/uploads\/2024\/11\/When_mq-2.jpg\"><img loading=\"lazy\" decoding=\"async\" width=\"1024\" height=\"683\" data-id=\"1434\" src=\"https:\/\/adrian-aroko.net\/wp-content\/uploads\/2024\/11\/When_mq-2-1024x683.jpg\" alt=\"\" class=\"wp-image-1434\" srcset=\"https:\/\/adrian-aroko.net\/wp-content\/uploads\/2024\/11\/When_mq-2-1024x683.jpg 1024w, https:\/\/adrian-aroko.net\/wp-content\/uploads\/2024\/11\/When_mq-2-300x200.jpg 300w, https:\/\/adrian-aroko.net\/wp-content\/uploads\/2024\/11\/When_mq-2-768x512.jpg 768w, https:\/\/adrian-aroko.net\/wp-content\/uploads\/2024\/11\/When_mq-2-1536x1024.jpg 1536w, https:\/\/adrian-aroko.net\/wp-content\/uploads\/2024\/11\/When_mq-2-500x333.jpg 500w, https:\/\/adrian-aroko.net\/wp-content\/uploads\/2024\/11\/When_mq-2-800x533.jpg 800w, https:\/\/adrian-aroko.net\/wp-content\/uploads\/2024\/11\/When_mq-2-1280x853.jpg 1280w, https:\/\/adrian-aroko.net\/wp-content\/uploads\/2024\/11\/When_mq-2.jpg 1800w\" sizes=\"(max-width: 1024px) 100vw, 1024px\" \/><\/a><\/figure>\n<\/figure>\n\n\n\n<figure class=\"wp-block-embed is-type-rich is-provider-soundcloud wp-block-embed-soundcloud\"><div class=\"wp-block-embed__wrapper\">\n<iframe loading=\"lazy\" title=\"When the dust has fallen, silence will rule by Adri\u00e1n Aroko\" width=\"500\" height=\"400\" scrolling=\"no\" frameborder=\"no\" src=\"https:\/\/w.soundcloud.com\/player\/?visual=true&#038;url=https%3A%2F%2Fapi.soundcloud.com%2Ftracks%2F1966248303&#038;show_artwork=true&#038;maxheight=750&#038;maxwidth=500\"><\/iframe>\n<\/div><\/figure>\n\n\n\n<p class=\"has-text-color has-normal-font-size\" style=\"color:#650707\"><strong><a href=\"https:\/\/adrian-aroko.net\/?page_id=86\"><span style=\"color:#800c0c\" class=\"has-inline-color\">Atr\u00e1s<\/span><\/a><\/strong><\/p>\n","protected":false},"excerpt":{"rendered":"<p>Cuando el polvo haya ca\u00eddo, el silencio reinar\u00e1, 2024Instalaci\u00f3n, medidas variables. Esta instalaci\u00f3n toma como referencia el polvo para reflejar el proceso continuo de construcci\u00f3n y transformaci\u00f3n de la justicia,<\/p>\n","protected":false},"author":1,"featured_media":0,"parent":0,"menu_order":0,"comment_status":"closed","ping_status":"closed","template":"","meta":{"advgb_blocks_editor_width":"","advgb_blocks_columns_visual_guide":"","_vp_format_video_url":"","_vp_image_focal_point":[],"footnotes":""},"yoast_head":"<!-- This site is optimized with the Yoast SEO plugin v23.3 - https:\/\/yoast.com\/wordpress\/plugins\/seo\/ -->\n<title>Cuando el polvo haya ca\u00eddo, el silencio reinar\u00e1 - Adri\u00e1n Aroko<\/title>\n<meta name=\"robots\" content=\"index, follow, max-snippet:-1, max-image-preview:large, max-video-preview:-1\" \/>\n<link rel=\"canonical\" href=\"https:\/\/adrian-aroko.net\/?page_id=1443\" \/>\n<meta property=\"og:locale\" content=\"es_MX\" \/>\n<meta property=\"og:type\" content=\"article\" \/>\n<meta property=\"og:title\" content=\"Cuando el polvo haya ca\u00eddo, el silencio reinar\u00e1 - Adri\u00e1n Aroko\" \/>\n<meta property=\"og:description\" content=\"Cuando el polvo haya ca\u00eddo, el silencio reinar\u00e1, 2024Instalaci\u00f3n, medidas variables. Esta instalaci\u00f3n toma como referencia el polvo para reflejar el proceso continuo de construcci\u00f3n y transformaci\u00f3n de la justicia,\" \/>\n<meta property=\"og:url\" content=\"https:\/\/adrian-aroko.net\/?page_id=1443\" \/>\n<meta property=\"og:site_name\" content=\"Adri\u00e1n Aroko\" \/>\n<meta property=\"article:modified_time\" content=\"2025-06-19T04:51:17+00:00\" \/>\n<meta property=\"og:image\" content=\"https:\/\/adrian-aroko.net\/wp-content\/uploads\/2024\/11\/When_mq-1.jpg\" \/>\n<meta name=\"twitter:card\" content=\"summary_large_image\" \/>\n<meta name=\"twitter:label1\" content=\"Tiempo de lectura\" \/>\n\t<meta name=\"twitter:data1\" content=\"4 minutos\" \/>\n<script type=\"application\/ld+json\" class=\"yoast-schema-graph\">{\"@context\":\"https:\/\/schema.org\",\"@graph\":[{\"@type\":\"WebPage\",\"@id\":\"https:\/\/adrian-aroko.net\/?page_id=1443\",\"url\":\"https:\/\/adrian-aroko.net\/?page_id=1443\",\"name\":\"Cuando el polvo haya ca\u00eddo, el silencio reinar\u00e1 - Adri\u00e1n Aroko\",\"isPartOf\":{\"@id\":\"https:\/\/adrian-aroko.net\/#website\"},\"primaryImageOfPage\":{\"@id\":\"https:\/\/adrian-aroko.net\/?page_id=1443#primaryimage\"},\"image\":{\"@id\":\"https:\/\/adrian-aroko.net\/?page_id=1443#primaryimage\"},\"thumbnailUrl\":\"https:\/\/adrian-aroko.net\/wp-content\/uploads\/2024\/11\/When_mq-1.jpg\",\"datePublished\":\"2024-11-25T20:20:32+00:00\",\"dateModified\":\"2025-06-19T04:51:17+00:00\",\"breadcrumb\":{\"@id\":\"https:\/\/adrian-aroko.net\/?page_id=1443#breadcrumb\"},\"inLanguage\":\"es\",\"potentialAction\":[{\"@type\":\"ReadAction\",\"target\":[\"https:\/\/adrian-aroko.net\/?page_id=1443\"]}]},{\"@type\":\"ImageObject\",\"inLanguage\":\"es\",\"@id\":\"https:\/\/adrian-aroko.net\/?page_id=1443#primaryimage\",\"url\":\"https:\/\/adrian-aroko.net\/wp-content\/uploads\/2024\/11\/When_mq-1.jpg\",\"contentUrl\":\"https:\/\/adrian-aroko.net\/wp-content\/uploads\/2024\/11\/When_mq-1.jpg\",\"width\":1800,\"height\":1200},{\"@type\":\"BreadcrumbList\",\"@id\":\"https:\/\/adrian-aroko.net\/?page_id=1443#breadcrumb\",\"itemListElement\":[{\"@type\":\"ListItem\",\"position\":1,\"name\":\"Inicio\",\"item\":\"https:\/\/adrian-aroko.net\/\"},{\"@type\":\"ListItem\",\"position\":2,\"name\":\"Cuando el polvo haya ca\u00eddo, el silencio reinar\u00e1\"}]},{\"@type\":\"WebSite\",\"@id\":\"https:\/\/adrian-aroko.net\/#website\",\"url\":\"https:\/\/adrian-aroko.net\/\",\"name\":\"Adri\u00e1n Aroko\",\"description\":\"\",\"publisher\":{\"@id\":\"https:\/\/adrian-aroko.net\/#\/schema\/person\/4f412c6c1eb887d94c80ea1584b3b3e3\"},\"potentialAction\":[{\"@type\":\"SearchAction\",\"target\":{\"@type\":\"EntryPoint\",\"urlTemplate\":\"https:\/\/adrian-aroko.net\/?s={search_term_string}\"},\"query-input\":\"required name=search_term_string\"}],\"inLanguage\":\"es\"},{\"@type\":[\"Person\",\"Organization\"],\"@id\":\"https:\/\/adrian-aroko.net\/#\/schema\/person\/4f412c6c1eb887d94c80ea1584b3b3e3\",\"name\":\"acuevasitu@gmail.com\",\"logo\":{\"@id\":\"https:\/\/adrian-aroko.net\/#\/schema\/person\/image\/\"},\"sameAs\":[\"http:\/\/adrian-aroko.net\"]}]}<\/script>\n<!-- \/ Yoast SEO plugin. -->","yoast_head_json":{"title":"Cuando el polvo haya ca\u00eddo, el silencio reinar\u00e1 - Adri\u00e1n Aroko","robots":{"index":"index","follow":"follow","max-snippet":"max-snippet:-1","max-image-preview":"max-image-preview:large","max-video-preview":"max-video-preview:-1"},"canonical":"https:\/\/adrian-aroko.net\/?page_id=1443","og_locale":"es_MX","og_type":"article","og_title":"Cuando el polvo haya ca\u00eddo, el silencio reinar\u00e1 - Adri\u00e1n Aroko","og_description":"Cuando el polvo haya ca\u00eddo, el silencio reinar\u00e1, 2024Instalaci\u00f3n, medidas variables. Esta instalaci\u00f3n toma como referencia el polvo para reflejar el proceso continuo de construcci\u00f3n y transformaci\u00f3n de la justicia,","og_url":"https:\/\/adrian-aroko.net\/?page_id=1443","og_site_name":"Adri\u00e1n Aroko","article_modified_time":"2025-06-19T04:51:17+00:00","og_image":[{"url":"https:\/\/adrian-aroko.net\/wp-content\/uploads\/2024\/11\/When_mq-1.jpg"}],"twitter_card":"summary_large_image","twitter_misc":{"Tiempo de lectura":"4 minutos"},"schema":{"@context":"https:\/\/schema.org","@graph":[{"@type":"WebPage","@id":"https:\/\/adrian-aroko.net\/?page_id=1443","url":"https:\/\/adrian-aroko.net\/?page_id=1443","name":"Cuando el polvo haya ca\u00eddo, el silencio reinar\u00e1 - Adri\u00e1n Aroko","isPartOf":{"@id":"https:\/\/adrian-aroko.net\/#website"},"primaryImageOfPage":{"@id":"https:\/\/adrian-aroko.net\/?page_id=1443#primaryimage"},"image":{"@id":"https:\/\/adrian-aroko.net\/?page_id=1443#primaryimage"},"thumbnailUrl":"https:\/\/adrian-aroko.net\/wp-content\/uploads\/2024\/11\/When_mq-1.jpg","datePublished":"2024-11-25T20:20:32+00:00","dateModified":"2025-06-19T04:51:17+00:00","breadcrumb":{"@id":"https:\/\/adrian-aroko.net\/?page_id=1443#breadcrumb"},"inLanguage":"es","potentialAction":[{"@type":"ReadAction","target":["https:\/\/adrian-aroko.net\/?page_id=1443"]}]},{"@type":"ImageObject","inLanguage":"es","@id":"https:\/\/adrian-aroko.net\/?page_id=1443#primaryimage","url":"https:\/\/adrian-aroko.net\/wp-content\/uploads\/2024\/11\/When_mq-1.jpg","contentUrl":"https:\/\/adrian-aroko.net\/wp-content\/uploads\/2024\/11\/When_mq-1.jpg","width":1800,"height":1200},{"@type":"BreadcrumbList","@id":"https:\/\/adrian-aroko.net\/?page_id=1443#breadcrumb","itemListElement":[{"@type":"ListItem","position":1,"name":"Inicio","item":"https:\/\/adrian-aroko.net\/"},{"@type":"ListItem","position":2,"name":"Cuando el polvo haya ca\u00eddo, el silencio reinar\u00e1"}]},{"@type":"WebSite","@id":"https:\/\/adrian-aroko.net\/#website","url":"https:\/\/adrian-aroko.net\/","name":"Adri\u00e1n Aroko","description":"","publisher":{"@id":"https:\/\/adrian-aroko.net\/#\/schema\/person\/4f412c6c1eb887d94c80ea1584b3b3e3"},"potentialAction":[{"@type":"SearchAction","target":{"@type":"EntryPoint","urlTemplate":"https:\/\/adrian-aroko.net\/?s={search_term_string}"},"query-input":"required name=search_term_string"}],"inLanguage":"es"},{"@type":["Person","Organization"],"@id":"https:\/\/adrian-aroko.net\/#\/schema\/person\/4f412c6c1eb887d94c80ea1584b3b3e3","name":"acuevasitu@gmail.com","logo":{"@id":"https:\/\/adrian-aroko.net\/#\/schema\/person\/image\/"},"sameAs":["http:\/\/adrian-aroko.net"]}]}},"coauthors":[],"author_meta":{"author_link":"https:\/\/adrian-aroko.net\/?author=1","display_name":"acuevasitu@gmail.com"},"relative_dates":{"created":"Publicado 1 a\u00f1o hace","modified":"Actualizado 11 meses hace"},"absolute_dates":{"created":"Publicado el noviembre 25, 2024","modified":"Actualizado el junio 18, 2025"},"absolute_dates_time":{"created":"Publicado el noviembre 25, 2024 2:20 pm","modified":"Actualizado el junio 18, 2025 10:51 pm"},"featured_img_caption":"","featured_img":false,"series_order":"","_links":{"self":[{"href":"https:\/\/adrian-aroko.net\/index.php?rest_route=\/wp\/v2\/pages\/1443"}],"collection":[{"href":"https:\/\/adrian-aroko.net\/index.php?rest_route=\/wp\/v2\/pages"}],"about":[{"href":"https:\/\/adrian-aroko.net\/index.php?rest_route=\/wp\/v2\/types\/page"}],"author":[{"embeddable":true,"href":"https:\/\/adrian-aroko.net\/index.php?rest_route=\/wp\/v2\/users\/1"}],"replies":[{"embeddable":true,"href":"https:\/\/adrian-aroko.net\/index.php?rest_route=%2Fwp%2Fv2%2Fcomments&post=1443"}],"version-history":[{"count":35,"href":"https:\/\/adrian-aroko.net\/index.php?rest_route=\/wp\/v2\/pages\/1443\/revisions"}],"predecessor-version":[{"id":1555,"href":"https:\/\/adrian-aroko.net\/index.php?rest_route=\/wp\/v2\/pages\/1443\/revisions\/1555"}],"wp:attachment":[{"href":"https:\/\/adrian-aroko.net\/index.php?rest_route=%2Fwp%2Fv2%2Fmedia&parent=1443"}],"curies":[{"name":"wp","href":"https:\/\/api.w.org\/{rel}","templated":true}]}}