{"id":184,"date":"2020-04-20T19:14:47","date_gmt":"2020-04-21T00:14:47","guid":{"rendered":"https:\/\/adrian-aroko.net\/?page_id=184"},"modified":"2024-10-22T19:54:48","modified_gmt":"2024-10-23T00:54:48","slug":"apaia-2","status":"publish","type":"page","link":"https:\/\/adrian-aroko.net\/?page_id=184","title":{"rendered":"APAIA"},"content":{"rendered":"\n<p><\/p>\n\n\n\n<p><\/p>\n\n\n\n<figure class=\"wp-block-gallery alignleft has-nested-images columns-default is-cropped wp-block-gallery-1 is-layout-flex wp-block-gallery-is-layout-flex\">\n<figure data-wp-context=\"{&quot;uploadedSrc&quot;:&quot;https:\\\/\\\/adrian-aroko.net\\\/wp-content\\\/uploads\\\/2020\\\/04\\\/APAIA_full_LQ.jpg&quot;,&quot;figureClassNames&quot;:&quot;wp-block-image size-full&quot;,&quot;figureStyles&quot;:null,&quot;imgClassNames&quot;:&quot;wp-image-201&quot;,&quot;imgStyles&quot;:null,&quot;targetWidth&quot;:1467,&quot;targetHeight&quot;:2200,&quot;scaleAttr&quot;:false,&quot;ariaLabel&quot;:&quot;Agrandar imagen&quot;,&quot;alt&quot;:&quot;&quot;}\" data-wp-interactive=\"core\/image\" class=\"wp-block-image size-full wp-lightbox-container\"><img loading=\"lazy\" decoding=\"async\" width=\"1467\" height=\"2200\" data-wp-init=\"callbacks.setButtonStyles\" data-wp-on--click=\"actions.showLightbox\" data-wp-on--load=\"callbacks.setButtonStyles\" data-wp-on-window--resize=\"callbacks.setButtonStyles\" data-id=\"201\" src=\"https:\/\/adrian-aroko.net\/wp-content\/uploads\/2020\/04\/APAIA_full_LQ.jpg\" alt=\"\" class=\"wp-image-201\" srcset=\"https:\/\/adrian-aroko.net\/wp-content\/uploads\/2020\/04\/APAIA_full_LQ.jpg 1467w, https:\/\/adrian-aroko.net\/wp-content\/uploads\/2020\/04\/APAIA_full_LQ-200x300.jpg 200w, https:\/\/adrian-aroko.net\/wp-content\/uploads\/2020\/04\/APAIA_full_LQ-683x1024.jpg 683w, https:\/\/adrian-aroko.net\/wp-content\/uploads\/2020\/04\/APAIA_full_LQ-768x1152.jpg 768w, https:\/\/adrian-aroko.net\/wp-content\/uploads\/2020\/04\/APAIA_full_LQ-1024x1536.jpg 1024w, https:\/\/adrian-aroko.net\/wp-content\/uploads\/2020\/04\/APAIA_full_LQ-1366x2048.jpg 1366w\" sizes=\"(max-width: 1467px) 100vw, 1467px\" \/><button\n\t\t\tclass=\"lightbox-trigger\"\n\t\t\ttype=\"button\"\n\t\t\taria-haspopup=\"dialog\"\n\t\t\taria-label=\"Agrandar imagen\"\n\t\t\tdata-wp-init=\"callbacks.initTriggerButton\"\n\t\t\tdata-wp-on--click=\"actions.showLightbox\"\n\t\t\tdata-wp-style--right=\"context.imageButtonRight\"\n\t\t\tdata-wp-style--top=\"context.imageButtonTop\"\n\t\t>\n\t\t\t<svg xmlns=\"http:\/\/www.w3.org\/2000\/svg\" width=\"12\" height=\"12\" fill=\"none\" viewBox=\"0 0 12 12\">\n\t\t\t\t<path fill=\"#fff\" d=\"M2 0a2 2 0 0 0-2 2v2h1.5V2a.5.5 0 0 1 .5-.5h2V0H2Zm2 10.5H2a.5.5 0 0 1-.5-.5V8H0v2a2 2 0 0 0 2 2h2v-1.5ZM8 12v-1.5h2a.5.5 0 0 0 .5-.5V8H12v2a2 2 0 0 1-2 2H8Zm2-12a2 2 0 0 1 2 2v2h-1.5V2a.5.5 0 0 0-.5-.5H8V0h2Z\" \/>\n\t\t\t<\/svg>\n\t\t<\/button><\/figure>\n<\/figure>\n\n\n\n<p><strong>APAIA<\/strong>, 2018<br>7 tipos de pl\u00e1stico, materia org\u00e1nica, agua, electr\u00f3nica, bocina.<br>Escultura sonora. 140x90x90 cm<\/p>\n\n\n\n<p>El conjunto de materiales utilizados en esta pieza se conforma por diferentes tipos de pol\u00edmeros, entre ellos poli\u00e9ster y poliestireno; principales contaminantes del fondo del oc\u00e9ano, as\u00ed como diferentes tipos de pol\u00edmeros m\u00e1s propensos a desintegrarse y a absorber toxinas, los cuales son ingeridos por aves, fauna marina y finalmente humanos. Una estructura central compuesta de materia org\u00e1nica, plumas de ave, madera, bamb\u00fa, palmera, hilo de ca\u00f1a de pescar y elementos que impiden el movimiento y el crecimiento natural de la vida marina.&nbsp;<\/p>\n\n\n\n<p>Cada sensor es colocado considerando la refracci\u00f3n de la luz al pasar por los medios aire-vidrio-agua, logrando hacer la lectura de movimiento en la profundidad del agua de los 7 tipos de pl\u00e1stico com\u00fanmente clasificados. A estos datos se les otorgan frecuencias distintas por cada frasco. El sonido dif\u00edcilmente vuelve a ser el mismo debido a los movimientos variables de los pol\u00edmeros que se sumergen, flotan y se hunden dentro de cada frasco.<\/p>\n\n\n\n<p><em>APAIA&nbsp;<\/em>es una escultura en continua transformaci\u00f3n, \u00e9sta a\u00f1ade materiales reciclados del lugar en que se presenta, adquiriendo matices de diferentes productos org\u00e1nicos e inorg\u00e1nicos y evidenciando los elementos m\u00e1s utilizados de cada regi\u00f3n.&nbsp;<\/p>\n\n\n\n<p>Patrimonio cultural de la Universidad Aut\u00f3noma del Estado de M\u00e9xico.<\/p>\n\n\n\n<p>___<\/p>\n\n\n\n<p><strong>APAIA<\/strong>, 2018<br>7 types of plastic, organic matter, water, electronics, speaker.<br>Sound sculpture. 140x90x90 cm<\/p>\n\n\n\n<p>The set of materials used in this piece is made up from different types of polymers, including polyester and polystyrene; main pollutants from the ocean floor, as well as different types of polymers more prone to disintegrate and absorb toxins, which are ingested by birds, marine fauna and finally humans. A central structure made up of organic matter: bird feathers, wood, bamboo, palm, fishing rod line and elements that impede the movement and natural growth of marine life.<\/p>\n\n\n\n<p>Each sensor is placed considering the refraction of light when passing through the air-glass-water media, making possible to read the movement in the depth of the water of the 7 commonly classified types of plastic. These data are given different frequencies for each bottle. The sound is hardly the same again due to the variable movements of the polymers that submerge, float and sink inside each jar.<\/p>\n\n\n\n<p><em>APAIA<\/em> is a sculpture in continuous transformation, it adds recycled materials from the place where it is presented, acquiring nuances of different organic and inorganic products and highlighting the most used elements of each region.<\/p>\n\n\n\n<p>Cultural heritage of the Autonomous University of Mexico State.<\/p>\n\n\n\n<figure data-wp-context=\"{&quot;uploadedSrc&quot;:&quot;https:\\\/\\\/adrian-aroko.net\\\/wp-content\\\/uploads\\\/2020\\\/04\\\/APAIA-scaled.jpg&quot;,&quot;figureClassNames&quot;:&quot;wp-block-image size-full&quot;,&quot;figureStyles&quot;:null,&quot;imgClassNames&quot;:&quot;wp-image-52&quot;,&quot;imgStyles&quot;:null,&quot;targetWidth&quot;:2560,&quot;targetHeight&quot;:1707,&quot;scaleAttr&quot;:false,&quot;ariaLabel&quot;:&quot;Agrandar imagen&quot;,&quot;alt&quot;:&quot;&quot;}\" data-wp-interactive=\"core\/image\" class=\"wp-block-image size-full wp-lightbox-container\"><img loading=\"lazy\" decoding=\"async\" width=\"2560\" height=\"1707\" data-wp-init=\"callbacks.setButtonStyles\" data-wp-on--click=\"actions.showLightbox\" data-wp-on--load=\"callbacks.setButtonStyles\" data-wp-on-window--resize=\"callbacks.setButtonStyles\" src=\"https:\/\/adrian-aroko.net\/wp-content\/uploads\/2020\/04\/APAIA-scaled.jpg\" alt=\"\" class=\"wp-image-52\" srcset=\"https:\/\/adrian-aroko.net\/wp-content\/uploads\/2020\/04\/APAIA-scaled.jpg 2560w, https:\/\/adrian-aroko.net\/wp-content\/uploads\/2020\/04\/APAIA-300x200.jpg 300w, https:\/\/adrian-aroko.net\/wp-content\/uploads\/2020\/04\/APAIA-1024x683.jpg 1024w, https:\/\/adrian-aroko.net\/wp-content\/uploads\/2020\/04\/APAIA-768x512.jpg 768w, https:\/\/adrian-aroko.net\/wp-content\/uploads\/2020\/04\/APAIA-1536x1024.jpg 1536w, https:\/\/adrian-aroko.net\/wp-content\/uploads\/2020\/04\/APAIA-2048x1365.jpg 2048w\" sizes=\"(max-width: 2560px) 100vw, 2560px\" \/><button\n\t\t\tclass=\"lightbox-trigger\"\n\t\t\ttype=\"button\"\n\t\t\taria-haspopup=\"dialog\"\n\t\t\taria-label=\"Agrandar imagen\"\n\t\t\tdata-wp-init=\"callbacks.initTriggerButton\"\n\t\t\tdata-wp-on--click=\"actions.showLightbox\"\n\t\t\tdata-wp-style--right=\"context.imageButtonRight\"\n\t\t\tdata-wp-style--top=\"context.imageButtonTop\"\n\t\t>\n\t\t\t<svg xmlns=\"http:\/\/www.w3.org\/2000\/svg\" width=\"12\" height=\"12\" fill=\"none\" viewBox=\"0 0 12 12\">\n\t\t\t\t<path fill=\"#fff\" d=\"M2 0a2 2 0 0 0-2 2v2h1.5V2a.5.5 0 0 1 .5-.5h2V0H2Zm2 10.5H2a.5.5 0 0 1-.5-.5V8H0v2a2 2 0 0 0 2 2h2v-1.5ZM8 12v-1.5h2a.5.5 0 0 0 .5-.5V8H12v2a2 2 0 0 1-2 2H8Zm2-12a2 2 0 0 1 2 2v2h-1.5V2a.5.5 0 0 0-.5-.5H8V0h2Z\" \/>\n\t\t\t<\/svg>\n\t\t<\/button><\/figure>\n\n\n\n<figure data-wp-context=\"{&quot;uploadedSrc&quot;:&quot;https:\\\/\\\/adrian-aroko.net\\\/wp-content\\\/uploads\\\/2020\\\/04\\\/Lejos2.png&quot;,&quot;figureClassNames&quot;:&quot;wp-block-image size-full&quot;,&quot;figureStyles&quot;:null,&quot;imgClassNames&quot;:&quot;wp-image-37&quot;,&quot;imgStyles&quot;:null,&quot;targetWidth&quot;:1234,&quot;targetHeight&quot;:692,&quot;scaleAttr&quot;:false,&quot;ariaLabel&quot;:&quot;Agrandar imagen&quot;,&quot;alt&quot;:&quot;&quot;}\" data-wp-interactive=\"core\/image\" class=\"wp-block-image size-full wp-lightbox-container\"><img loading=\"lazy\" decoding=\"async\" width=\"1234\" height=\"692\" data-wp-init=\"callbacks.setButtonStyles\" data-wp-on--click=\"actions.showLightbox\" data-wp-on--load=\"callbacks.setButtonStyles\" data-wp-on-window--resize=\"callbacks.setButtonStyles\" src=\"https:\/\/adrian-aroko.net\/wp-content\/uploads\/2020\/04\/Lejos2.png\" alt=\"\" class=\"wp-image-37\" srcset=\"https:\/\/adrian-aroko.net\/wp-content\/uploads\/2020\/04\/Lejos2.png 1234w, https:\/\/adrian-aroko.net\/wp-content\/uploads\/2020\/04\/Lejos2-300x168.png 300w, https:\/\/adrian-aroko.net\/wp-content\/uploads\/2020\/04\/Lejos2-1024x574.png 1024w, https:\/\/adrian-aroko.net\/wp-content\/uploads\/2020\/04\/Lejos2-768x431.png 768w\" sizes=\"(max-width: 1234px) 100vw, 1234px\" \/><button\n\t\t\tclass=\"lightbox-trigger\"\n\t\t\ttype=\"button\"\n\t\t\taria-haspopup=\"dialog\"\n\t\t\taria-label=\"Agrandar imagen\"\n\t\t\tdata-wp-init=\"callbacks.initTriggerButton\"\n\t\t\tdata-wp-on--click=\"actions.showLightbox\"\n\t\t\tdata-wp-style--right=\"context.imageButtonRight\"\n\t\t\tdata-wp-style--top=\"context.imageButtonTop\"\n\t\t>\n\t\t\t<svg xmlns=\"http:\/\/www.w3.org\/2000\/svg\" width=\"12\" height=\"12\" fill=\"none\" viewBox=\"0 0 12 12\">\n\t\t\t\t<path fill=\"#fff\" d=\"M2 0a2 2 0 0 0-2 2v2h1.5V2a.5.5 0 0 1 .5-.5h2V0H2Zm2 10.5H2a.5.5 0 0 1-.5-.5V8H0v2a2 2 0 0 0 2 2h2v-1.5ZM8 12v-1.5h2a.5.5 0 0 0 .5-.5V8H12v2a2 2 0 0 1-2 2H8Zm2-12a2 2 0 0 1 2 2v2h-1.5V2a.5.5 0 0 0-.5-.5H8V0h2Z\" \/>\n\t\t\t<\/svg>\n\t\t<\/button><\/figure>\n\n\n\n<figure class=\"wp-block-embed is-type-video is-provider-vimeo wp-block-embed-vimeo wp-embed-aspect-16-9 wp-has-aspect-ratio\"><div class=\"wp-block-embed__wrapper\">\n<iframe loading=\"lazy\" title=\"APAIA\" src=\"https:\/\/player.vimeo.com\/video\/305348034?dnt=1&amp;app_id=122963\" width=\"500\" height=\"281\" frameborder=\"0\" allow=\"autoplay; fullscreen; picture-in-picture; clipboard-write\"><\/iframe>\n<\/div><\/figure>\n\n\n\n<p class=\"has-text-color has-normal-font-size\" style=\"color:#650707\"><strong><a href=\"https:\/\/adrian-aroko.net\/?page_id=86\"><span style=\"color:#800c0c\" class=\"has-inline-color\">Atr\u00e1s<\/span><\/a><\/strong><\/p>\n\n\n\n<p><\/p>\n","protected":false},"excerpt":{"rendered":"<p>APAIA, 20187 tipos de pl\u00e1stico, materia org\u00e1nica, agua, electr\u00f3nica, bocina.Escultura sonora. 140x90x90 cm El conjunto de materiales utilizados en esta pieza se conforma por diferentes tipos de pol\u00edmeros, entre ellos<\/p>\n","protected":false},"author":1,"featured_media":0,"parent":0,"menu_order":0,"comment_status":"closed","ping_status":"closed","template":"","meta":{"advgb_blocks_editor_width":"","advgb_blocks_columns_visual_guide":"","_vp_format_video_url":"","_vp_image_focal_point":[],"footnotes":""},"yoast_head":"<!-- This site is optimized with the Yoast SEO plugin v23.3 - https:\/\/yoast.com\/wordpress\/plugins\/seo\/ -->\n<title>APAIA - Adri\u00e1n Aroko<\/title>\n<meta name=\"robots\" content=\"index, follow, max-snippet:-1, max-image-preview:large, max-video-preview:-1\" \/>\n<link rel=\"canonical\" href=\"https:\/\/adrian-aroko.net\/?page_id=184\" \/>\n<meta property=\"og:locale\" content=\"es_MX\" \/>\n<meta property=\"og:type\" content=\"article\" \/>\n<meta property=\"og:title\" content=\"APAIA - Adri\u00e1n Aroko\" \/>\n<meta property=\"og:description\" content=\"APAIA, 20187 tipos de pl\u00e1stico, materia org\u00e1nica, agua, electr\u00f3nica, bocina.Escultura sonora. 140x90x90 cm El conjunto de materiales utilizados en esta pieza se conforma por diferentes tipos de pol\u00edmeros, entre ellos\" \/>\n<meta property=\"og:url\" content=\"https:\/\/adrian-aroko.net\/?page_id=184\" \/>\n<meta property=\"og:site_name\" content=\"Adri\u00e1n Aroko\" \/>\n<meta property=\"article:modified_time\" content=\"2024-10-23T00:54:48+00:00\" \/>\n<meta property=\"og:image\" content=\"https:\/\/adrian-aroko.net\/wp-content\/uploads\/2020\/04\/APAIA_full_LQ.jpg\" \/>\n<meta name=\"twitter:card\" content=\"summary_large_image\" \/>\n<meta name=\"twitter:label1\" content=\"Tiempo de lectura\" \/>\n\t<meta name=\"twitter:data1\" content=\"3 minutos\" \/>\n<script type=\"application\/ld+json\" class=\"yoast-schema-graph\">{\"@context\":\"https:\/\/schema.org\",\"@graph\":[{\"@type\":\"WebPage\",\"@id\":\"https:\/\/adrian-aroko.net\/?page_id=184\",\"url\":\"https:\/\/adrian-aroko.net\/?page_id=184\",\"name\":\"APAIA - Adri\u00e1n Aroko\",\"isPartOf\":{\"@id\":\"https:\/\/adrian-aroko.net\/#website\"},\"primaryImageOfPage\":{\"@id\":\"https:\/\/adrian-aroko.net\/?page_id=184#primaryimage\"},\"image\":{\"@id\":\"https:\/\/adrian-aroko.net\/?page_id=184#primaryimage\"},\"thumbnailUrl\":\"https:\/\/adrian-aroko.net\/wp-content\/uploads\/2020\/04\/APAIA_full_LQ.jpg\",\"datePublished\":\"2020-04-21T00:14:47+00:00\",\"dateModified\":\"2024-10-23T00:54:48+00:00\",\"breadcrumb\":{\"@id\":\"https:\/\/adrian-aroko.net\/?page_id=184#breadcrumb\"},\"inLanguage\":\"es\",\"potentialAction\":[{\"@type\":\"ReadAction\",\"target\":[\"https:\/\/adrian-aroko.net\/?page_id=184\"]}]},{\"@type\":\"ImageObject\",\"inLanguage\":\"es\",\"@id\":\"https:\/\/adrian-aroko.net\/?page_id=184#primaryimage\",\"url\":\"https:\/\/adrian-aroko.net\/wp-content\/uploads\/2020\/04\/APAIA_full_LQ.jpg\",\"contentUrl\":\"https:\/\/adrian-aroko.net\/wp-content\/uploads\/2020\/04\/APAIA_full_LQ.jpg\",\"width\":1467,\"height\":2200},{\"@type\":\"BreadcrumbList\",\"@id\":\"https:\/\/adrian-aroko.net\/?page_id=184#breadcrumb\",\"itemListElement\":[{\"@type\":\"ListItem\",\"position\":1,\"name\":\"Inicio\",\"item\":\"https:\/\/adrian-aroko.net\/\"},{\"@type\":\"ListItem\",\"position\":2,\"name\":\"APAIA\"}]},{\"@type\":\"WebSite\",\"@id\":\"https:\/\/adrian-aroko.net\/#website\",\"url\":\"https:\/\/adrian-aroko.net\/\",\"name\":\"Adri\u00e1n Aroko\",\"description\":\"\",\"publisher\":{\"@id\":\"https:\/\/adrian-aroko.net\/#\/schema\/person\/4f412c6c1eb887d94c80ea1584b3b3e3\"},\"potentialAction\":[{\"@type\":\"SearchAction\",\"target\":{\"@type\":\"EntryPoint\",\"urlTemplate\":\"https:\/\/adrian-aroko.net\/?s={search_term_string}\"},\"query-input\":\"required name=search_term_string\"}],\"inLanguage\":\"es\"},{\"@type\":[\"Person\",\"Organization\"],\"@id\":\"https:\/\/adrian-aroko.net\/#\/schema\/person\/4f412c6c1eb887d94c80ea1584b3b3e3\",\"name\":\"acuevasitu@gmail.com\",\"logo\":{\"@id\":\"https:\/\/adrian-aroko.net\/#\/schema\/person\/image\/\"},\"sameAs\":[\"http:\/\/adrian-aroko.net\"]}]}<\/script>\n<!-- \/ Yoast SEO plugin. -->","yoast_head_json":{"title":"APAIA - Adri\u00e1n Aroko","robots":{"index":"index","follow":"follow","max-snippet":"max-snippet:-1","max-image-preview":"max-image-preview:large","max-video-preview":"max-video-preview:-1"},"canonical":"https:\/\/adrian-aroko.net\/?page_id=184","og_locale":"es_MX","og_type":"article","og_title":"APAIA - Adri\u00e1n Aroko","og_description":"APAIA, 20187 tipos de pl\u00e1stico, materia org\u00e1nica, agua, electr\u00f3nica, bocina.Escultura sonora. 140x90x90 cm El conjunto de materiales utilizados en esta pieza se conforma por diferentes tipos de pol\u00edmeros, entre ellos","og_url":"https:\/\/adrian-aroko.net\/?page_id=184","og_site_name":"Adri\u00e1n Aroko","article_modified_time":"2024-10-23T00:54:48+00:00","og_image":[{"url":"https:\/\/adrian-aroko.net\/wp-content\/uploads\/2020\/04\/APAIA_full_LQ.jpg"}],"twitter_card":"summary_large_image","twitter_misc":{"Tiempo de lectura":"3 minutos"},"schema":{"@context":"https:\/\/schema.org","@graph":[{"@type":"WebPage","@id":"https:\/\/adrian-aroko.net\/?page_id=184","url":"https:\/\/adrian-aroko.net\/?page_id=184","name":"APAIA - Adri\u00e1n Aroko","isPartOf":{"@id":"https:\/\/adrian-aroko.net\/#website"},"primaryImageOfPage":{"@id":"https:\/\/adrian-aroko.net\/?page_id=184#primaryimage"},"image":{"@id":"https:\/\/adrian-aroko.net\/?page_id=184#primaryimage"},"thumbnailUrl":"https:\/\/adrian-aroko.net\/wp-content\/uploads\/2020\/04\/APAIA_full_LQ.jpg","datePublished":"2020-04-21T00:14:47+00:00","dateModified":"2024-10-23T00:54:48+00:00","breadcrumb":{"@id":"https:\/\/adrian-aroko.net\/?page_id=184#breadcrumb"},"inLanguage":"es","potentialAction":[{"@type":"ReadAction","target":["https:\/\/adrian-aroko.net\/?page_id=184"]}]},{"@type":"ImageObject","inLanguage":"es","@id":"https:\/\/adrian-aroko.net\/?page_id=184#primaryimage","url":"https:\/\/adrian-aroko.net\/wp-content\/uploads\/2020\/04\/APAIA_full_LQ.jpg","contentUrl":"https:\/\/adrian-aroko.net\/wp-content\/uploads\/2020\/04\/APAIA_full_LQ.jpg","width":1467,"height":2200},{"@type":"BreadcrumbList","@id":"https:\/\/adrian-aroko.net\/?page_id=184#breadcrumb","itemListElement":[{"@type":"ListItem","position":1,"name":"Inicio","item":"https:\/\/adrian-aroko.net\/"},{"@type":"ListItem","position":2,"name":"APAIA"}]},{"@type":"WebSite","@id":"https:\/\/adrian-aroko.net\/#website","url":"https:\/\/adrian-aroko.net\/","name":"Adri\u00e1n Aroko","description":"","publisher":{"@id":"https:\/\/adrian-aroko.net\/#\/schema\/person\/4f412c6c1eb887d94c80ea1584b3b3e3"},"potentialAction":[{"@type":"SearchAction","target":{"@type":"EntryPoint","urlTemplate":"https:\/\/adrian-aroko.net\/?s={search_term_string}"},"query-input":"required name=search_term_string"}],"inLanguage":"es"},{"@type":["Person","Organization"],"@id":"https:\/\/adrian-aroko.net\/#\/schema\/person\/4f412c6c1eb887d94c80ea1584b3b3e3","name":"acuevasitu@gmail.com","logo":{"@id":"https:\/\/adrian-aroko.net\/#\/schema\/person\/image\/"},"sameAs":["http:\/\/adrian-aroko.net"]}]}},"coauthors":[],"author_meta":{"author_link":"https:\/\/adrian-aroko.net\/?author=1","display_name":"acuevasitu@gmail.com"},"relative_dates":{"created":"Publicado 6 a\u00f1os hace","modified":"Actualizado 2 a\u00f1os hace"},"absolute_dates":{"created":"Publicado el abril 20, 2020","modified":"Actualizado el octubre 22, 2024"},"absolute_dates_time":{"created":"Publicado el abril 20, 2020 7:14 pm","modified":"Actualizado el octubre 22, 2024 7:54 pm"},"featured_img_caption":"","featured_img":false,"series_order":"","_links":{"self":[{"href":"https:\/\/adrian-aroko.net\/index.php?rest_route=\/wp\/v2\/pages\/184"}],"collection":[{"href":"https:\/\/adrian-aroko.net\/index.php?rest_route=\/wp\/v2\/pages"}],"about":[{"href":"https:\/\/adrian-aroko.net\/index.php?rest_route=\/wp\/v2\/types\/page"}],"author":[{"embeddable":true,"href":"https:\/\/adrian-aroko.net\/index.php?rest_route=\/wp\/v2\/users\/1"}],"replies":[{"embeddable":true,"href":"https:\/\/adrian-aroko.net\/index.php?rest_route=%2Fwp%2Fv2%2Fcomments&post=184"}],"version-history":[{"count":50,"href":"https:\/\/adrian-aroko.net\/index.php?rest_route=\/wp\/v2\/pages\/184\/revisions"}],"predecessor-version":[{"id":1428,"href":"https:\/\/adrian-aroko.net\/index.php?rest_route=\/wp\/v2\/pages\/184\/revisions\/1428"}],"wp:attachment":[{"href":"https:\/\/adrian-aroko.net\/index.php?rest_route=%2Fwp%2Fv2%2Fmedia&parent=184"}],"curies":[{"name":"wp","href":"https:\/\/api.w.org\/{rel}","templated":true}]}}