{"id":190,"date":"2020-04-20T21:19:00","date_gmt":"2020-04-21T02:19:00","guid":{"rendered":"https:\/\/adrian-aroko.net\/?page_id=190"},"modified":"2025-06-28T13:19:39","modified_gmt":"2025-06-28T19:19:39","slug":"enfardo","status":"publish","type":"page","link":"https:\/\/adrian-aroko.net\/?page_id=190","title":{"rendered":"Enfardo"},"content":{"rendered":"\n<p><\/p>\n\n\n\n<figure data-wp-context=\"{&quot;uploadedSrc&quot;:&quot;https:\\\/\\\/adrian-aroko.net\\\/wp-content\\\/uploads\\\/2020\\\/06\\\/Enfardo2.png&quot;,&quot;figureClassNames&quot;:&quot;wp-block-image size-full&quot;,&quot;figureStyles&quot;:null,&quot;imgClassNames&quot;:&quot;wp-image-377&quot;,&quot;imgStyles&quot;:null,&quot;targetWidth&quot;:1000,&quot;targetHeight&quot;:790,&quot;scaleAttr&quot;:false,&quot;ariaLabel&quot;:&quot;Agrandar imagen&quot;,&quot;alt&quot;:&quot;&quot;}\" data-wp-interactive=\"core\/image\" class=\"wp-block-image size-full wp-lightbox-container\"><img loading=\"lazy\" decoding=\"async\" width=\"1000\" height=\"790\" data-wp-init=\"callbacks.setButtonStyles\" data-wp-on--click=\"actions.showLightbox\" data-wp-on--load=\"callbacks.setButtonStyles\" data-wp-on-window--resize=\"callbacks.setButtonStyles\" src=\"https:\/\/adrian-aroko.net\/wp-content\/uploads\/2020\/06\/Enfardo2.png\" alt=\"\" class=\"wp-image-377\" srcset=\"https:\/\/adrian-aroko.net\/wp-content\/uploads\/2020\/06\/Enfardo2.png 1000w, https:\/\/adrian-aroko.net\/wp-content\/uploads\/2020\/06\/Enfardo2-300x237.png 300w, https:\/\/adrian-aroko.net\/wp-content\/uploads\/2020\/06\/Enfardo2-768x607.png 768w\" sizes=\"(max-width: 1000px) 100vw, 1000px\" \/><button\n\t\t\tclass=\"lightbox-trigger\"\n\t\t\ttype=\"button\"\n\t\t\taria-haspopup=\"dialog\"\n\t\t\taria-label=\"Agrandar imagen\"\n\t\t\tdata-wp-init=\"callbacks.initTriggerButton\"\n\t\t\tdata-wp-on--click=\"actions.showLightbox\"\n\t\t\tdata-wp-style--right=\"context.imageButtonRight\"\n\t\t\tdata-wp-style--top=\"context.imageButtonTop\"\n\t\t>\n\t\t\t<svg xmlns=\"http:\/\/www.w3.org\/2000\/svg\" width=\"12\" height=\"12\" fill=\"none\" viewBox=\"0 0 12 12\">\n\t\t\t\t<path fill=\"#fff\" d=\"M2 0a2 2 0 0 0-2 2v2h1.5V2a.5.5 0 0 1 .5-.5h2V0H2Zm2 10.5H2a.5.5 0 0 1-.5-.5V8H0v2a2 2 0 0 0 2 2h2v-1.5ZM8 12v-1.5h2a.5.5 0 0 0 .5-.5V8H12v2a2 2 0 0 1-2 2H8Zm2-12a2 2 0 0 1 2 2v2h-1.5V2a.5.5 0 0 0-.5-.5H8V0h2Z\" \/>\n\t\t\t<\/svg>\n\t\t<\/button><\/figure>\n\n\n\n<figure class=\"wp-block-gallery has-nested-images columns-default is-cropped wp-block-gallery-1 is-layout-flex wp-block-gallery-is-layout-flex\">\n<figure data-wp-context=\"{&quot;uploadedSrc&quot;:&quot;https:\\\/\\\/adrian-aroko.net\\\/wp-content\\\/uploads\\\/2020\\\/06\\\/Enfardo3.png&quot;,&quot;figureClassNames&quot;:&quot;wp-block-image alignwide size-full&quot;,&quot;figureStyles&quot;:null,&quot;imgClassNames&quot;:&quot;wp-image-378&quot;,&quot;imgStyles&quot;:null,&quot;targetWidth&quot;:1000,&quot;targetHeight&quot;:834,&quot;scaleAttr&quot;:false,&quot;ariaLabel&quot;:&quot;Agrandar imagen&quot;,&quot;alt&quot;:&quot;&quot;}\" data-wp-interactive=\"core\/image\" class=\"wp-block-image alignwide size-full wp-lightbox-container\"><img loading=\"lazy\" decoding=\"async\" width=\"1000\" height=\"834\" data-wp-init=\"callbacks.setButtonStyles\" data-wp-on--click=\"actions.showLightbox\" data-wp-on--load=\"callbacks.setButtonStyles\" data-wp-on-window--resize=\"callbacks.setButtonStyles\" data-id=\"378\" src=\"https:\/\/adrian-aroko.net\/wp-content\/uploads\/2020\/06\/Enfardo3.png\" alt=\"\" class=\"wp-image-378\" srcset=\"https:\/\/adrian-aroko.net\/wp-content\/uploads\/2020\/06\/Enfardo3.png 1000w, https:\/\/adrian-aroko.net\/wp-content\/uploads\/2020\/06\/Enfardo3-300x250.png 300w, https:\/\/adrian-aroko.net\/wp-content\/uploads\/2020\/06\/Enfardo3-768x641.png 768w\" sizes=\"(max-width: 1000px) 100vw, 1000px\" \/><button\n\t\t\tclass=\"lightbox-trigger\"\n\t\t\ttype=\"button\"\n\t\t\taria-haspopup=\"dialog\"\n\t\t\taria-label=\"Agrandar imagen\"\n\t\t\tdata-wp-init=\"callbacks.initTriggerButton\"\n\t\t\tdata-wp-on--click=\"actions.showLightbox\"\n\t\t\tdata-wp-style--right=\"context.imageButtonRight\"\n\t\t\tdata-wp-style--top=\"context.imageButtonTop\"\n\t\t>\n\t\t\t<svg xmlns=\"http:\/\/www.w3.org\/2000\/svg\" width=\"12\" height=\"12\" fill=\"none\" viewBox=\"0 0 12 12\">\n\t\t\t\t<path fill=\"#fff\" d=\"M2 0a2 2 0 0 0-2 2v2h1.5V2a.5.5 0 0 1 .5-.5h2V0H2Zm2 10.5H2a.5.5 0 0 1-.5-.5V8H0v2a2 2 0 0 0 2 2h2v-1.5ZM8 12v-1.5h2a.5.5 0 0 0 .5-.5V8H12v2a2 2 0 0 1-2 2H8Zm2-12a2 2 0 0 1 2 2v2h-1.5V2a.5.5 0 0 0-.5-.5H8V0h2Z\" \/>\n\t\t\t<\/svg>\n\t\t<\/button><\/figure>\n\n\n\n<figure data-wp-context=\"{&quot;uploadedSrc&quot;:&quot;https:\\\/\\\/adrian-aroko.net\\\/wp-content\\\/uploads\\\/2020\\\/06\\\/Enfardo4.png&quot;,&quot;figureClassNames&quot;:&quot;wp-block-image alignwide size-full&quot;,&quot;figureStyles&quot;:null,&quot;imgClassNames&quot;:&quot;wp-image-379&quot;,&quot;imgStyles&quot;:null,&quot;targetWidth&quot;:1000,&quot;targetHeight&quot;:801,&quot;scaleAttr&quot;:false,&quot;ariaLabel&quot;:&quot;Agrandar imagen&quot;,&quot;alt&quot;:&quot;&quot;}\" data-wp-interactive=\"core\/image\" class=\"wp-block-image alignwide size-full wp-lightbox-container\"><img loading=\"lazy\" decoding=\"async\" width=\"1000\" height=\"801\" data-wp-init=\"callbacks.setButtonStyles\" data-wp-on--click=\"actions.showLightbox\" data-wp-on--load=\"callbacks.setButtonStyles\" data-wp-on-window--resize=\"callbacks.setButtonStyles\" data-id=\"379\" src=\"https:\/\/adrian-aroko.net\/wp-content\/uploads\/2020\/06\/Enfardo4.png\" alt=\"\" class=\"wp-image-379\" srcset=\"https:\/\/adrian-aroko.net\/wp-content\/uploads\/2020\/06\/Enfardo4.png 1000w, https:\/\/adrian-aroko.net\/wp-content\/uploads\/2020\/06\/Enfardo4-300x240.png 300w, https:\/\/adrian-aroko.net\/wp-content\/uploads\/2020\/06\/Enfardo4-768x615.png 768w\" sizes=\"(max-width: 1000px) 100vw, 1000px\" \/><button\n\t\t\tclass=\"lightbox-trigger\"\n\t\t\ttype=\"button\"\n\t\t\taria-haspopup=\"dialog\"\n\t\t\taria-label=\"Agrandar imagen\"\n\t\t\tdata-wp-init=\"callbacks.initTriggerButton\"\n\t\t\tdata-wp-on--click=\"actions.showLightbox\"\n\t\t\tdata-wp-style--right=\"context.imageButtonRight\"\n\t\t\tdata-wp-style--top=\"context.imageButtonTop\"\n\t\t>\n\t\t\t<svg xmlns=\"http:\/\/www.w3.org\/2000\/svg\" width=\"12\" height=\"12\" fill=\"none\" viewBox=\"0 0 12 12\">\n\t\t\t\t<path fill=\"#fff\" d=\"M2 0a2 2 0 0 0-2 2v2h1.5V2a.5.5 0 0 1 .5-.5h2V0H2Zm2 10.5H2a.5.5 0 0 1-.5-.5V8H0v2a2 2 0 0 0 2 2h2v-1.5ZM8 12v-1.5h2a.5.5 0 0 0 .5-.5V8H12v2a2 2 0 0 1-2 2H8Zm2-12a2 2 0 0 1 2 2v2h-1.5V2a.5.5 0 0 0-.5-.5H8V0h2Z\" \/>\n\t\t\t<\/svg>\n\t\t<\/button><\/figure>\n<\/figure>\n\n\n\n<p><strong>Enfardo<\/strong>, 2017<br>L\u00e1mina de acero, madera, sistema electromec\u00e1nico.<br>Escultura sonora. 40x40x40 cm<\/p>\n\n\n\n<p><strong>Enfardo<\/strong>&nbsp;es una obra que apunta a hechos cotidianos que se han normalizado, como la trata de personas y la explotaci\u00f3n de menores. La escultura recrea el paisaje social al que nos enfrentamos en M\u00e9xico a trav\u00e9s de una experiencia vicaria sobre la resistencia contenida por la cual pasan las v\u00edctimas al ser privadas de sus derechos humanos. La estructura externa de la obra hecha de l\u00e1mina de acero oxidada restringe el movimiento del mecanismo interno, esta oposici\u00f3n busca el desgaste total de todos sus componentes. La violencia contrarrestada entre ambas estructuras alude al desgaste de los cuerpos hasta el deterioro f\u00edsico y mental.&nbsp;<\/p>\n\n\n\n<p>___<\/p>\n\n\n\n<p><strong>Baled,<\/strong> 2017<br>Steel sheet, wood, electromechanical system.<br>Sound sculpture. 40x40x40 cm<\/p>\n\n\n\n<p>Enfardo is a work that points to the social landscape at Mexico that has become normalized, such as human trafficking, the exploitation of minors and enforced disappearance. By means of the sculpture, a vicarious experience is created about the restrained resistance that victims go through when they are deprived of their human rights. By way of an external structure made of oxidized steel sheet, it seeks to wear down the electromechanical system placed inside, evoking the threshold from despair to dissociation through which the victims pass. The counteracted violence between both structures creates the movements and sounds referring to that opposition by hitting the steel walls or releasing tension.<\/p>\n\n\n\n<div class=\"wp-block-group alignfull\"><div class=\"wp-block-group__inner-container is-layout-flow wp-block-group-is-layout-flow\"><\/div><\/div>\n\n\n\n<figure class=\"wp-block-embed is-type-video is-provider-vimeo wp-block-embed-vimeo wp-embed-aspect-16-9 wp-has-aspect-ratio\"><div class=\"wp-block-embed__wrapper\">\n<iframe loading=\"lazy\" title=\"Enfardo\" src=\"https:\/\/player.vimeo.com\/video\/224885059?dnt=1&amp;app_id=122963\" width=\"500\" height=\"281\" frameborder=\"0\" allow=\"autoplay; fullscreen; picture-in-picture; clipboard-write; encrypted-media; web-share\"><\/iframe>\n<\/div><\/figure>\n\n\n\n<p class=\"has-vivid-red-color has-text-color\"><a href=\"https:\/\/adrian-aroko.net\/?page_id=86\"><strong><span style=\"color:#800c0c\" class=\"has-inline-color\">Atr\u00e1s<\/span><\/strong><\/a><\/p>\n","protected":false},"excerpt":{"rendered":"<p>Enfardo, 2017L\u00e1mina de acero, madera, sistema electromec\u00e1nico.Escultura sonora. 40x40x40 cm Enfardo&nbsp;es una obra que apunta a hechos cotidianos que se han normalizado, como la trata de personas y la explotaci\u00f3n<\/p>\n","protected":false},"author":1,"featured_media":0,"parent":0,"menu_order":0,"comment_status":"closed","ping_status":"closed","template":"","meta":{"advgb_blocks_editor_width":"","advgb_blocks_columns_visual_guide":"","_vp_format_video_url":"","_vp_image_focal_point":[],"footnotes":""},"yoast_head":"<!-- This site is optimized with the Yoast SEO plugin v23.3 - https:\/\/yoast.com\/wordpress\/plugins\/seo\/ -->\n<title>Enfardo - Adri\u00e1n Aroko<\/title>\n<meta name=\"robots\" content=\"index, follow, max-snippet:-1, max-image-preview:large, max-video-preview:-1\" \/>\n<link rel=\"canonical\" href=\"https:\/\/adrian-aroko.net\/?page_id=190\" \/>\n<meta property=\"og:locale\" content=\"es_MX\" \/>\n<meta property=\"og:type\" content=\"article\" \/>\n<meta property=\"og:title\" content=\"Enfardo - Adri\u00e1n Aroko\" \/>\n<meta property=\"og:description\" content=\"Enfardo, 2017L\u00e1mina de acero, madera, sistema electromec\u00e1nico.Escultura sonora. 40x40x40 cm Enfardo&nbsp;es una obra que apunta a hechos cotidianos que se han normalizado, como la trata de personas y la explotaci\u00f3n\" \/>\n<meta property=\"og:url\" content=\"https:\/\/adrian-aroko.net\/?page_id=190\" \/>\n<meta property=\"og:site_name\" content=\"Adri\u00e1n Aroko\" \/>\n<meta property=\"article:modified_time\" content=\"2025-06-28T19:19:39+00:00\" \/>\n<meta property=\"og:image\" content=\"https:\/\/adrian-aroko.net\/wp-content\/uploads\/2020\/06\/Enfardo2.png\" \/>\n<meta name=\"twitter:card\" content=\"summary_large_image\" \/>\n<meta name=\"twitter:label1\" content=\"Tiempo de lectura\" \/>\n\t<meta name=\"twitter:data1\" content=\"2 minutos\" \/>\n<script type=\"application\/ld+json\" class=\"yoast-schema-graph\">{\"@context\":\"https:\/\/schema.org\",\"@graph\":[{\"@type\":\"WebPage\",\"@id\":\"https:\/\/adrian-aroko.net\/?page_id=190\",\"url\":\"https:\/\/adrian-aroko.net\/?page_id=190\",\"name\":\"Enfardo - Adri\u00e1n Aroko\",\"isPartOf\":{\"@id\":\"https:\/\/adrian-aroko.net\/#website\"},\"primaryImageOfPage\":{\"@id\":\"https:\/\/adrian-aroko.net\/?page_id=190#primaryimage\"},\"image\":{\"@id\":\"https:\/\/adrian-aroko.net\/?page_id=190#primaryimage\"},\"thumbnailUrl\":\"https:\/\/adrian-aroko.net\/wp-content\/uploads\/2020\/06\/Enfardo2.png\",\"datePublished\":\"2020-04-21T02:19:00+00:00\",\"dateModified\":\"2025-06-28T19:19:39+00:00\",\"breadcrumb\":{\"@id\":\"https:\/\/adrian-aroko.net\/?page_id=190#breadcrumb\"},\"inLanguage\":\"es\",\"potentialAction\":[{\"@type\":\"ReadAction\",\"target\":[\"https:\/\/adrian-aroko.net\/?page_id=190\"]}]},{\"@type\":\"ImageObject\",\"inLanguage\":\"es\",\"@id\":\"https:\/\/adrian-aroko.net\/?page_id=190#primaryimage\",\"url\":\"https:\/\/adrian-aroko.net\/wp-content\/uploads\/2020\/06\/Enfardo2.png\",\"contentUrl\":\"https:\/\/adrian-aroko.net\/wp-content\/uploads\/2020\/06\/Enfardo2.png\",\"width\":1000,\"height\":790},{\"@type\":\"BreadcrumbList\",\"@id\":\"https:\/\/adrian-aroko.net\/?page_id=190#breadcrumb\",\"itemListElement\":[{\"@type\":\"ListItem\",\"position\":1,\"name\":\"Inicio\",\"item\":\"https:\/\/adrian-aroko.net\/\"},{\"@type\":\"ListItem\",\"position\":2,\"name\":\"Enfardo\"}]},{\"@type\":\"WebSite\",\"@id\":\"https:\/\/adrian-aroko.net\/#website\",\"url\":\"https:\/\/adrian-aroko.net\/\",\"name\":\"Adri\u00e1n Aroko\",\"description\":\"\",\"publisher\":{\"@id\":\"https:\/\/adrian-aroko.net\/#\/schema\/person\/4f412c6c1eb887d94c80ea1584b3b3e3\"},\"potentialAction\":[{\"@type\":\"SearchAction\",\"target\":{\"@type\":\"EntryPoint\",\"urlTemplate\":\"https:\/\/adrian-aroko.net\/?s={search_term_string}\"},\"query-input\":\"required name=search_term_string\"}],\"inLanguage\":\"es\"},{\"@type\":[\"Person\",\"Organization\"],\"@id\":\"https:\/\/adrian-aroko.net\/#\/schema\/person\/4f412c6c1eb887d94c80ea1584b3b3e3\",\"name\":\"acuevasitu@gmail.com\",\"logo\":{\"@id\":\"https:\/\/adrian-aroko.net\/#\/schema\/person\/image\/\"},\"sameAs\":[\"http:\/\/adrian-aroko.net\"]}]}<\/script>\n<!-- \/ Yoast SEO plugin. -->","yoast_head_json":{"title":"Enfardo - Adri\u00e1n Aroko","robots":{"index":"index","follow":"follow","max-snippet":"max-snippet:-1","max-image-preview":"max-image-preview:large","max-video-preview":"max-video-preview:-1"},"canonical":"https:\/\/adrian-aroko.net\/?page_id=190","og_locale":"es_MX","og_type":"article","og_title":"Enfardo - Adri\u00e1n Aroko","og_description":"Enfardo, 2017L\u00e1mina de acero, madera, sistema electromec\u00e1nico.Escultura sonora. 40x40x40 cm Enfardo&nbsp;es una obra que apunta a hechos cotidianos que se han normalizado, como la trata de personas y la explotaci\u00f3n","og_url":"https:\/\/adrian-aroko.net\/?page_id=190","og_site_name":"Adri\u00e1n Aroko","article_modified_time":"2025-06-28T19:19:39+00:00","og_image":[{"url":"https:\/\/adrian-aroko.net\/wp-content\/uploads\/2020\/06\/Enfardo2.png"}],"twitter_card":"summary_large_image","twitter_misc":{"Tiempo de lectura":"2 minutos"},"schema":{"@context":"https:\/\/schema.org","@graph":[{"@type":"WebPage","@id":"https:\/\/adrian-aroko.net\/?page_id=190","url":"https:\/\/adrian-aroko.net\/?page_id=190","name":"Enfardo - Adri\u00e1n Aroko","isPartOf":{"@id":"https:\/\/adrian-aroko.net\/#website"},"primaryImageOfPage":{"@id":"https:\/\/adrian-aroko.net\/?page_id=190#primaryimage"},"image":{"@id":"https:\/\/adrian-aroko.net\/?page_id=190#primaryimage"},"thumbnailUrl":"https:\/\/adrian-aroko.net\/wp-content\/uploads\/2020\/06\/Enfardo2.png","datePublished":"2020-04-21T02:19:00+00:00","dateModified":"2025-06-28T19:19:39+00:00","breadcrumb":{"@id":"https:\/\/adrian-aroko.net\/?page_id=190#breadcrumb"},"inLanguage":"es","potentialAction":[{"@type":"ReadAction","target":["https:\/\/adrian-aroko.net\/?page_id=190"]}]},{"@type":"ImageObject","inLanguage":"es","@id":"https:\/\/adrian-aroko.net\/?page_id=190#primaryimage","url":"https:\/\/adrian-aroko.net\/wp-content\/uploads\/2020\/06\/Enfardo2.png","contentUrl":"https:\/\/adrian-aroko.net\/wp-content\/uploads\/2020\/06\/Enfardo2.png","width":1000,"height":790},{"@type":"BreadcrumbList","@id":"https:\/\/adrian-aroko.net\/?page_id=190#breadcrumb","itemListElement":[{"@type":"ListItem","position":1,"name":"Inicio","item":"https:\/\/adrian-aroko.net\/"},{"@type":"ListItem","position":2,"name":"Enfardo"}]},{"@type":"WebSite","@id":"https:\/\/adrian-aroko.net\/#website","url":"https:\/\/adrian-aroko.net\/","name":"Adri\u00e1n Aroko","description":"","publisher":{"@id":"https:\/\/adrian-aroko.net\/#\/schema\/person\/4f412c6c1eb887d94c80ea1584b3b3e3"},"potentialAction":[{"@type":"SearchAction","target":{"@type":"EntryPoint","urlTemplate":"https:\/\/adrian-aroko.net\/?s={search_term_string}"},"query-input":"required name=search_term_string"}],"inLanguage":"es"},{"@type":["Person","Organization"],"@id":"https:\/\/adrian-aroko.net\/#\/schema\/person\/4f412c6c1eb887d94c80ea1584b3b3e3","name":"acuevasitu@gmail.com","logo":{"@id":"https:\/\/adrian-aroko.net\/#\/schema\/person\/image\/"},"sameAs":["http:\/\/adrian-aroko.net"]}]}},"coauthors":[],"author_meta":{"author_link":"https:\/\/adrian-aroko.net\/?author=1","display_name":"acuevasitu@gmail.com"},"relative_dates":{"created":"Publicado 6 a\u00f1os hace","modified":"Actualizado 10 meses hace"},"absolute_dates":{"created":"Publicado el abril 20, 2020","modified":"Actualizado el junio 28, 2025"},"absolute_dates_time":{"created":"Publicado el abril 20, 2020 9:19 pm","modified":"Actualizado el junio 28, 2025 1:19 pm"},"featured_img_caption":"","featured_img":false,"series_order":"","_links":{"self":[{"href":"https:\/\/adrian-aroko.net\/index.php?rest_route=\/wp\/v2\/pages\/190"}],"collection":[{"href":"https:\/\/adrian-aroko.net\/index.php?rest_route=\/wp\/v2\/pages"}],"about":[{"href":"https:\/\/adrian-aroko.net\/index.php?rest_route=\/wp\/v2\/types\/page"}],"author":[{"embeddable":true,"href":"https:\/\/adrian-aroko.net\/index.php?rest_route=\/wp\/v2\/users\/1"}],"replies":[{"embeddable":true,"href":"https:\/\/adrian-aroko.net\/index.php?rest_route=%2Fwp%2Fv2%2Fcomments&post=190"}],"version-history":[{"count":33,"href":"https:\/\/adrian-aroko.net\/index.php?rest_route=\/wp\/v2\/pages\/190\/revisions"}],"predecessor-version":[{"id":1575,"href":"https:\/\/adrian-aroko.net\/index.php?rest_route=\/wp\/v2\/pages\/190\/revisions\/1575"}],"wp:attachment":[{"href":"https:\/\/adrian-aroko.net\/index.php?rest_route=%2Fwp%2Fv2%2Fmedia&parent=190"}],"curies":[{"name":"wp","href":"https:\/\/api.w.org\/{rel}","templated":true}]}}