{"id":8,"date":"2020-04-20T00:15:19","date_gmt":"2020-04-20T00:15:19","guid":{"rendered":"http:\/\/adrian-aroko.net\/?page_id=8"},"modified":"2025-06-26T00:07:50","modified_gmt":"2025-06-26T06:07:50","slug":"bio","status":"publish","type":"page","link":"https:\/\/adrian-aroko.net\/?page_id=8","title":{"rendered":"Bio"},"content":{"rendered":"\n<p class=\"has-text-color has-normal-font-size\" style=\"color:#ffffff\">Ciudad de M\u00e9xico, 1991.&nbsp;<\/p>\n\n\n\n<p>Experimenta con dispositivos electr\u00f3nicos, procesos sonoros, reciclaje de materiales, investigaci\u00f3n de archivo y medios escult\u00f3ricos. Su obra aborda temas como la interrelaci\u00f3n entre los seres vivos y la tecnolog\u00eda, el esoterismo ligado al mercado negro y la brutalidad de sistemas socioecon\u00f3micos como formas de explotaci\u00f3n corporal. Su pr\u00e1ctica traza un torrente de malestares a trav\u00e9s de instalaciones, sonido y piezas interactivas.<\/p>\n\n\n\n<p>Ha recibido apoyo del Sistema de Apoyos a la Creaci\u00f3n y Proyectos Culturales (SACPC) 2023, Prince Claus Fund 2021, Programa de Apoyo a la Producci\u00f3n e Investigaci\u00f3n en Arte, Medios y Discapacidad (PAPIAM-D) 2021, Programa Arte, Ciencia y Tecnolog\u00edas (ACT) por el Fondo Nacional para la Cultura y las Artes y la Universidad Nacional Aut\u00f3noma de M\u00e9xico 2018-2019. Recibi\u00f3 el premio de adquisici\u00f3n de obra en la s\u00e9ptima Bienal Internacional de Arte Visual Universitario 2018 y el premio Transitio_MX en 2017. Ha presentado su trabajo en M\u00e9xico, Chile, Colombia, Pa\u00edses Bajos, Espa\u00f1a, B\u00e9lgica y Jordania.<\/p>\n\n\n\n<p>Cuenta con un diplomado en arte sonoro por el Centro Cultural Border, as\u00ed como con talleres en intervenciones urbanas y perform\u00e1ticas, m\u00fasica electromagn\u00e9tica, escultura e imagen en movimiento, realizados en diversas instituciones culturales. Tiene una licenciatura en Ciencias de la Comunicaci\u00f3n.<\/p>\n\n\n\n<p>___<\/p>\n\n\n\n<p>Adri\u00e1n Aroko experiments with electronic devices, sonic processes, material recycling, archival research, and sculptural media. His work explores themes such as the interrelationship between living beings and technology, esotericism linked to the black market, and the brutality of socioeconomic systems as forms of bodily exploitation. His practice traces a current of unrest through installations, sound, and interactive pieces.<\/p>\n\n\n\n<p>Support and grants received from Support System for Creation and Cultural Projects (SACPC) 2023, Prince Claus Fund 2021, Program to Support Production and Research in Art, Media and Disability (PAPIAM-D) 2021, Art, Science and Technology Program (ACT) by the National Fund for Culture and the Arts and the National Autonomous University of Mexico 2018. He received the acquisition prize at the seventh International Biennial of University Visual Art 2018 and Transitio_MX prize in 2017. He has presented his work in Mexico, Chile, Colombia, Netherlands, Spain, Belgium and Jordan.<\/p>\n\n\n\n<p>He holds a diploma in sound art from the Border Cultural Center, as well as workshops in urban and performative interventions, electromagnetic music, sculpture, and moving image, conducted at various cultural institutions. He has a bachelor&#8217;s degree in Communication Sciences.<\/p>\n\n\n\n<p><\/p>\n\n\n\n<p>___<\/p>\n\n\n\n<p class=\"has-vivid-red-color has-text-color has-normal-font-size\"><a href=\"https:\/\/adrian-aroko.net\/?page_id=409\"><strong><span class=\"has-inline-color has-vivid-red-color\">CV<\/span><\/strong><\/a><\/p>\n","protected":false},"excerpt":{"rendered":"<p>Ciudad de M\u00e9xico, 1991.&nbsp; Experimenta con dispositivos electr\u00f3nicos, procesos sonoros, reciclaje de materiales, investigaci\u00f3n de archivo y medios escult\u00f3ricos. Su obra aborda temas como la interrelaci\u00f3n entre los seres vivos<\/p>\n","protected":false},"author":1,"featured_media":0,"parent":0,"menu_order":0,"comment_status":"closed","ping_status":"closed","template":"","meta":{"advgb_blocks_editor_width":"","advgb_blocks_columns_visual_guide":"","_vp_format_video_url":"","_vp_image_focal_point":[],"footnotes":""},"yoast_head":"<!-- This site is optimized with the Yoast SEO plugin v23.3 - https:\/\/yoast.com\/wordpress\/plugins\/seo\/ -->\n<title>Bio - Adri\u00e1n Aroko<\/title>\n<meta name=\"robots\" content=\"index, follow, max-snippet:-1, max-image-preview:large, max-video-preview:-1\" \/>\n<link rel=\"canonical\" href=\"https:\/\/adrian-aroko.net\/?page_id=8\" \/>\n<meta property=\"og:locale\" content=\"es_MX\" \/>\n<meta property=\"og:type\" content=\"article\" \/>\n<meta property=\"og:title\" content=\"Bio - Adri\u00e1n Aroko\" \/>\n<meta property=\"og:description\" content=\"Ciudad de M\u00e9xico, 1991.&nbsp; Experimenta con dispositivos electr\u00f3nicos, procesos sonoros, reciclaje de materiales, investigaci\u00f3n de archivo y medios escult\u00f3ricos. Su obra aborda temas como la interrelaci\u00f3n entre los seres vivos\" \/>\n<meta property=\"og:url\" content=\"https:\/\/adrian-aroko.net\/?page_id=8\" \/>\n<meta property=\"og:site_name\" content=\"Adri\u00e1n Aroko\" \/>\n<meta property=\"article:modified_time\" content=\"2025-06-26T06:07:50+00:00\" \/>\n<meta name=\"twitter:card\" content=\"summary_large_image\" \/>\n<meta name=\"twitter:label1\" content=\"Tiempo de lectura\" \/>\n\t<meta name=\"twitter:data1\" content=\"2 minutos\" \/>\n<script type=\"application\/ld+json\" class=\"yoast-schema-graph\">{\"@context\":\"https:\/\/schema.org\",\"@graph\":[{\"@type\":\"WebPage\",\"@id\":\"https:\/\/adrian-aroko.net\/?page_id=8\",\"url\":\"https:\/\/adrian-aroko.net\/?page_id=8\",\"name\":\"Bio - Adri\u00e1n Aroko\",\"isPartOf\":{\"@id\":\"https:\/\/adrian-aroko.net\/#website\"},\"datePublished\":\"2020-04-20T00:15:19+00:00\",\"dateModified\":\"2025-06-26T06:07:50+00:00\",\"breadcrumb\":{\"@id\":\"https:\/\/adrian-aroko.net\/?page_id=8#breadcrumb\"},\"inLanguage\":\"es\",\"potentialAction\":[{\"@type\":\"ReadAction\",\"target\":[\"https:\/\/adrian-aroko.net\/?page_id=8\"]}]},{\"@type\":\"BreadcrumbList\",\"@id\":\"https:\/\/adrian-aroko.net\/?page_id=8#breadcrumb\",\"itemListElement\":[{\"@type\":\"ListItem\",\"position\":1,\"name\":\"Inicio\",\"item\":\"https:\/\/adrian-aroko.net\/\"},{\"@type\":\"ListItem\",\"position\":2,\"name\":\"Bio\"}]},{\"@type\":\"WebSite\",\"@id\":\"https:\/\/adrian-aroko.net\/#website\",\"url\":\"https:\/\/adrian-aroko.net\/\",\"name\":\"Adri\u00e1n Aroko\",\"description\":\"\",\"publisher\":{\"@id\":\"https:\/\/adrian-aroko.net\/#\/schema\/person\/4f412c6c1eb887d94c80ea1584b3b3e3\"},\"potentialAction\":[{\"@type\":\"SearchAction\",\"target\":{\"@type\":\"EntryPoint\",\"urlTemplate\":\"https:\/\/adrian-aroko.net\/?s={search_term_string}\"},\"query-input\":\"required name=search_term_string\"}],\"inLanguage\":\"es\"},{\"@type\":[\"Person\",\"Organization\"],\"@id\":\"https:\/\/adrian-aroko.net\/#\/schema\/person\/4f412c6c1eb887d94c80ea1584b3b3e3\",\"name\":\"acuevasitu@gmail.com\",\"logo\":{\"@id\":\"https:\/\/adrian-aroko.net\/#\/schema\/person\/image\/\"},\"sameAs\":[\"http:\/\/adrian-aroko.net\"]}]}<\/script>\n<!-- \/ Yoast SEO plugin. -->","yoast_head_json":{"title":"Bio - Adri\u00e1n Aroko","robots":{"index":"index","follow":"follow","max-snippet":"max-snippet:-1","max-image-preview":"max-image-preview:large","max-video-preview":"max-video-preview:-1"},"canonical":"https:\/\/adrian-aroko.net\/?page_id=8","og_locale":"es_MX","og_type":"article","og_title":"Bio - Adri\u00e1n Aroko","og_description":"Ciudad de M\u00e9xico, 1991.&nbsp; Experimenta con dispositivos electr\u00f3nicos, procesos sonoros, reciclaje de materiales, investigaci\u00f3n de archivo y medios escult\u00f3ricos. Su obra aborda temas como la interrelaci\u00f3n entre los seres vivos","og_url":"https:\/\/adrian-aroko.net\/?page_id=8","og_site_name":"Adri\u00e1n Aroko","article_modified_time":"2025-06-26T06:07:50+00:00","twitter_card":"summary_large_image","twitter_misc":{"Tiempo de lectura":"2 minutos"},"schema":{"@context":"https:\/\/schema.org","@graph":[{"@type":"WebPage","@id":"https:\/\/adrian-aroko.net\/?page_id=8","url":"https:\/\/adrian-aroko.net\/?page_id=8","name":"Bio - Adri\u00e1n Aroko","isPartOf":{"@id":"https:\/\/adrian-aroko.net\/#website"},"datePublished":"2020-04-20T00:15:19+00:00","dateModified":"2025-06-26T06:07:50+00:00","breadcrumb":{"@id":"https:\/\/adrian-aroko.net\/?page_id=8#breadcrumb"},"inLanguage":"es","potentialAction":[{"@type":"ReadAction","target":["https:\/\/adrian-aroko.net\/?page_id=8"]}]},{"@type":"BreadcrumbList","@id":"https:\/\/adrian-aroko.net\/?page_id=8#breadcrumb","itemListElement":[{"@type":"ListItem","position":1,"name":"Inicio","item":"https:\/\/adrian-aroko.net\/"},{"@type":"ListItem","position":2,"name":"Bio"}]},{"@type":"WebSite","@id":"https:\/\/adrian-aroko.net\/#website","url":"https:\/\/adrian-aroko.net\/","name":"Adri\u00e1n Aroko","description":"","publisher":{"@id":"https:\/\/adrian-aroko.net\/#\/schema\/person\/4f412c6c1eb887d94c80ea1584b3b3e3"},"potentialAction":[{"@type":"SearchAction","target":{"@type":"EntryPoint","urlTemplate":"https:\/\/adrian-aroko.net\/?s={search_term_string}"},"query-input":"required name=search_term_string"}],"inLanguage":"es"},{"@type":["Person","Organization"],"@id":"https:\/\/adrian-aroko.net\/#\/schema\/person\/4f412c6c1eb887d94c80ea1584b3b3e3","name":"acuevasitu@gmail.com","logo":{"@id":"https:\/\/adrian-aroko.net\/#\/schema\/person\/image\/"},"sameAs":["http:\/\/adrian-aroko.net"]}]}},"coauthors":[],"author_meta":{"author_link":"https:\/\/adrian-aroko.net\/?author=1","display_name":"acuevasitu@gmail.com"},"relative_dates":{"created":"Publicado 6 a\u00f1os hace","modified":"Actualizado 10 meses hace"},"absolute_dates":{"created":"Publicado el abril 20, 2020","modified":"Actualizado el junio 26, 2025"},"absolute_dates_time":{"created":"Publicado el abril 20, 2020 12:15 am","modified":"Actualizado el junio 26, 2025 12:07 am"},"featured_img_caption":"","featured_img":false,"series_order":"","_links":{"self":[{"href":"https:\/\/adrian-aroko.net\/index.php?rest_route=\/wp\/v2\/pages\/8"}],"collection":[{"href":"https:\/\/adrian-aroko.net\/index.php?rest_route=\/wp\/v2\/pages"}],"about":[{"href":"https:\/\/adrian-aroko.net\/index.php?rest_route=\/wp\/v2\/types\/page"}],"author":[{"embeddable":true,"href":"https:\/\/adrian-aroko.net\/index.php?rest_route=\/wp\/v2\/users\/1"}],"replies":[{"embeddable":true,"href":"https:\/\/adrian-aroko.net\/index.php?rest_route=%2Fwp%2Fv2%2Fcomments&post=8"}],"version-history":[{"count":84,"href":"https:\/\/adrian-aroko.net\/index.php?rest_route=\/wp\/v2\/pages\/8\/revisions"}],"predecessor-version":[{"id":1562,"href":"https:\/\/adrian-aroko.net\/index.php?rest_route=\/wp\/v2\/pages\/8\/revisions\/1562"}],"wp:attachment":[{"href":"https:\/\/adrian-aroko.net\/index.php?rest_route=%2Fwp%2Fv2%2Fmedia&parent=8"}],"curies":[{"name":"wp","href":"https:\/\/api.w.org\/{rel}","templated":true}]}}